{"id":559,"date":"2025-02-20T12:38:36","date_gmt":"2025-02-20T12:38:36","guid":{"rendered":"https:\/\/cobmarine.it\/?page_id=559"},"modified":"2025-06-19T09:04:09","modified_gmt":"2025-06-19T09:04:09","slug":"procurement","status":"publish","type":"page","link":"https:\/\/cobmarine.it\/en\/epc-contractor\/management\/procurement\/","title":{"rendered":"Procurement"},"content":{"rendered":"\t\t<div data-elementor-type=\"wp-page\" data-elementor-id=\"559\" class=\"elementor elementor-559\" data-elementor-post-type=\"page\">\n\t\t\t\t<div class=\"elementor-element elementor-element-7677f80 e-flex e-con-boxed e-con e-parent\" data-id=\"7677f80\" data-element_type=\"container\" data-e-type=\"container\">\n\t\t\t\t\t<div class=\"e-con-inner\">\n\t\t<div class=\"elementor-element elementor-element-200aa64 e-con-full e-flex e-con e-child\" data-id=\"200aa64\" data-element_type=\"container\" data-e-type=\"container\">\n\t\t\t\t<div class=\"elementor-element elementor-element-c9db133 elementor-invisible elementor-widget elementor-widget-heading\" data-id=\"c9db133\" data-element_type=\"widget\" data-e-type=\"widget\" data-settings=\"{&quot;_animation&quot;:&quot;fadeInUp&quot;}\" data-widget_type=\"heading.default\">\n\t\t\t\t\t<h1 class=\"elementor-heading-title elementor-size-default\">Procurement<\/h1>\t\t\t\t<\/div>\n\t\t\t\t<div class=\"elementor-element elementor-element-9fb402e elementor-widget-divider--view-line elementor-invisible elementor-widget elementor-widget-divider\" data-id=\"9fb402e\" data-element_type=\"widget\" data-e-type=\"widget\" data-settings=\"{&quot;_animation&quot;:&quot;fadeIn&quot;}\" data-widget_type=\"divider.default\">\n\t\t\t\t\t\t\t<div class=\"elementor-divider\">\n\t\t\t<span class=\"elementor-divider-separator\">\n\t\t\t\t\t\t<\/span>\n\t\t<\/div>\n\t\t\t\t\t\t<\/div>\n\t\t\t\t<div class=\"elementor-element elementor-element-e0a26f6 elementor-invisible elementor-widget elementor-widget-text-editor\" data-id=\"e0a26f6\" data-element_type=\"widget\" data-e-type=\"widget\" data-settings=\"{&quot;_animation&quot;:&quot;fadeIn&quot;}\" data-widget_type=\"text-editor.default\">\n\t\t\t\t\t\t\t\t\tCOB Marine si distingue per la capacit\u00e0 di offrire soluzioni complete e personalizzate nell\u2019ambito dei progetti EPC che realizza, curando l\u2019approvvigionamento di apparecchiature di processo, macchine, sistemi di automazione, materiale piping ed elettro-strumentale,\u00a0 nel rispetto delle specifiche tecniche e dei tempi del progetto.\n<br><br>\nLa nostra metodologia si basa su un approccio rigoroso e professionale, integrato e coordinato in modo sinergico con lo sviluppo dell\u2019ingegneria per garantire che le forniture siano complete, ottimizzate e allineate alle esigenze specifiche del progetto, coprendo ogni fase dell\u2019approvvigionamento, dallo studio iniziale alla messa in servizio e oltre.\t\t\t\t\t\t\t\t<\/div>\n\t\t\t\t<\/div>\n\t\t<div class=\"elementor-element elementor-element-ad2185a e-con-full e-flex e-con e-child\" data-id=\"ad2185a\" data-element_type=\"container\" data-e-type=\"container\">\n\t\t\t\t<div class=\"elementor-element elementor-element-712f767 elementor-invisible elementor-widget elementor-widget-image\" data-id=\"712f767\" data-element_type=\"widget\" data-e-type=\"widget\" data-settings=\"{&quot;_animation&quot;:&quot;fadeInUp&quot;}\" data-widget_type=\"image.default\">\n\t\t\t\t\t\t\t\t\t\t\t\t\t\t\t<img fetchpriority=\"high\" decoding=\"async\" width=\"833\" height=\"488\" src=\"data:image\/gif;base64,R0lGODlhAQABAIAAAAAAAP\/\/\/yH5BAEAAAAALAAAAAABAAEAAAIBRAA7\" data-src=\"https:\/\/cobmarine.it\/wp-content\/uploads\/2025\/05\/Rectangle-28-min.jpg\" class=\"attachment-large size-large wp-image-1335 lazyload\" alt=\"\" data-srcset=\"https:\/\/cobmarine.it\/wp-content\/uploads\/2025\/05\/Rectangle-28-min.jpg 833w, https:\/\/cobmarine.it\/wp-content\/uploads\/2025\/05\/Rectangle-28-min-300x176.jpg 300w, https:\/\/cobmarine.it\/wp-content\/uploads\/2025\/05\/Rectangle-28-min-768x450.jpg 768w\" sizes=\"(max-width: 833px) 100vw, 833px\" \/><noscript><img decoding=\"async\" width=\"833\" height=\"488\" src=\"https:\/\/cobmarine.it\/wp-content\/uploads\/2025\/05\/Rectangle-28-min.jpg\" class=\"attachment-large size-large wp-image-1335 lazyload\" alt=\"\" srcset=\"https:\/\/cobmarine.it\/wp-content\/uploads\/2025\/05\/Rectangle-28-min.jpg 833w, https:\/\/cobmarine.it\/wp-content\/uploads\/2025\/05\/Rectangle-28-min-300x176.jpg 300w, https:\/\/cobmarine.it\/wp-content\/uploads\/2025\/05\/Rectangle-28-min-768x450.jpg 768w\" sizes=\"(max-width: 833px) 100vw, 833px\" \/><\/noscript>\t\t\t\t\t\t\t\t\t\t\t\t\t\t\t<\/div>\n\t\t\t\t<\/div>\n\t\t\t\t\t<\/div>\n\t\t\t\t<\/div>\n\t\t<div class=\"elementor-element elementor-element-80ca7e6 e-flex e-con-boxed e-con e-parent\" data-id=\"80ca7e6\" data-element_type=\"container\" data-e-type=\"container\" data-settings=\"{&quot;background_background&quot;:&quot;classic&quot;}\">\n\t\t\t\t\t<div class=\"e-con-inner\">\n\t\t<div class=\"elementor-element elementor-element-94122cb e-con-full e-flex e-con e-child\" data-id=\"94122cb\" data-element_type=\"container\" data-e-type=\"container\" data-settings=\"{&quot;sticky&quot;:&quot;top&quot;,&quot;sticky_on&quot;:[&quot;widescreen&quot;,&quot;desktop&quot;,&quot;laptop&quot;,&quot;tablet_extra&quot;,&quot;tablet&quot;,&quot;mobile_extra&quot;],&quot;sticky_offset&quot;:110,&quot;sticky_parent&quot;:&quot;yes&quot;,&quot;sticky_effects_offset&quot;:0,&quot;sticky_anchor_link_offset&quot;:0}\">\n\t\t\t\t<div class=\"elementor-element elementor-element-c61e93a elementor-invisible elementor-widget elementor-widget-heading\" data-id=\"c61e93a\" data-element_type=\"widget\" data-e-type=\"widget\" data-settings=\"{&quot;_animation&quot;:&quot;fadeInUp&quot;}\" data-widget_type=\"heading.default\">\n\t\t\t\t\t<h3 class=\"elementor-heading-title elementor-size-default\">I servizi nello specifico<\/h3>\t\t\t\t<\/div>\n\t\t\t\t<div class=\"elementor-element elementor-element-be631e7 elementor-invisible elementor-widget elementor-widget-text-editor\" data-id=\"be631e7\" data-element_type=\"widget\" data-e-type=\"widget\" data-settings=\"{&quot;_animation&quot;:&quot;fadeIn&quot;}\" data-widget_type=\"text-editor.default\">\n\t\t\t\t\t\t\t\t\tOgni fase del processo di approvvigionamento \u00e8 gestita in modo centralizzato, con l\u2019adozione di procedure e standard comuni che coinvolgono tutti i soci. Questo approccio favorisce la trasparenza, riducendo il rischio e migliorando l\u2019efficienza operativa, garantendo soluzioni coerenti e allineate con gli obiettivi strategici del progetto.\n\nIl nostro obiettivo \u00e8 offrire le migliori soluzioni tecnologiche, con un metodo orientato alla qualit\u00e0 e all&#8217;affidabilit\u00e0, garantendo tempistiche di consegna rapide grazie a un database costantemente aggiornato di fornitori altamente specializzati e qualificati.\t\t\t\t\t\t\t\t<\/div>\n\t\t\t\t<\/div>\n\t\t<div class=\"elementor-element elementor-element-55e01a7 e-con-full e-flex e-con e-child\" data-id=\"55e01a7\" data-element_type=\"container\" data-e-type=\"container\">\n\t\t<div class=\"elementor-element elementor-element-2dfb235 e-con-full e-flex elementor-invisible e-con e-child\" data-id=\"2dfb235\" data-element_type=\"container\" data-e-type=\"container\" data-settings=\"{&quot;background_background&quot;:&quot;classic&quot;,&quot;sticky&quot;:&quot;top&quot;,&quot;sticky_on&quot;:[&quot;mobile&quot;],&quot;sticky_offset_mobile&quot;:100,&quot;sticky_parent&quot;:&quot;yes&quot;,&quot;animation&quot;:&quot;fadeIn&quot;,&quot;sticky_offset&quot;:0,&quot;sticky_effects_offset&quot;:0,&quot;sticky_anchor_link_offset&quot;:0}\">\n\t\t\t\t<div class=\"elementor-element elementor-element-827661f elementor-widget elementor-widget-heading\" data-id=\"827661f\" data-element_type=\"widget\" data-e-type=\"widget\" data-widget_type=\"heading.default\">\n\t\t\t\t\t<h4 class=\"elementor-heading-title elementor-size-default\"><a href=\"https:\/\/cobmarine.it\/en\/epc-contractor\/management\/procurement\/apparecchiature-di-processo\/\">Apparecchiature di processo<\/a><\/h4>\t\t\t\t<\/div>\n\t\t\t\t<\/div>\n\t\t<div class=\"elementor-element elementor-element-24a9263 e-con-full e-flex elementor-invisible e-con e-child\" data-id=\"24a9263\" data-element_type=\"container\" data-e-type=\"container\" data-settings=\"{&quot;background_background&quot;:&quot;classic&quot;,&quot;sticky&quot;:&quot;top&quot;,&quot;sticky_on&quot;:[&quot;mobile&quot;],&quot;sticky_offset_mobile&quot;:130,&quot;sticky_parent&quot;:&quot;yes&quot;,&quot;animation&quot;:&quot;fadeIn&quot;,&quot;animation_delay&quot;:100,&quot;sticky_offset&quot;:0,&quot;sticky_effects_offset&quot;:0,&quot;sticky_anchor_link_offset&quot;:0}\">\n\t\t\t\t<div class=\"elementor-element elementor-element-e342fef elementor-widget elementor-widget-heading\" data-id=\"e342fef\" data-element_type=\"widget\" data-e-type=\"widget\" data-widget_type=\"heading.default\">\n\t\t\t\t\t<h4 class=\"elementor-heading-title elementor-size-default\"><a href=\"https:\/\/cobmarine.it\/en\/epc-contractor\/management\/procurement\/macchine\/\">Macchine<\/a><\/h4>\t\t\t\t<\/div>\n\t\t\t\t<\/div>\n\t\t<div class=\"elementor-element elementor-element-9858c10 e-con-full e-flex elementor-invisible e-con e-child\" data-id=\"9858c10\" data-element_type=\"container\" data-e-type=\"container\" data-settings=\"{&quot;background_background&quot;:&quot;classic&quot;,&quot;sticky&quot;:&quot;top&quot;,&quot;sticky_on&quot;:[&quot;mobile&quot;],&quot;sticky_offset_mobile&quot;:160,&quot;sticky_parent&quot;:&quot;yes&quot;,&quot;animation&quot;:&quot;fadeIn&quot;,&quot;sticky_offset&quot;:0,&quot;sticky_effects_offset&quot;:0,&quot;sticky_anchor_link_offset&quot;:0}\">\n\t\t\t\t<div class=\"elementor-element elementor-element-c2d2791 elementor-widget elementor-widget-heading\" data-id=\"c2d2791\" data-element_type=\"widget\" data-e-type=\"widget\" data-widget_type=\"heading.default\">\n\t\t\t\t\t<h4 class=\"elementor-heading-title elementor-size-default\"><a href=\"https:\/\/cobmarine.it\/en\/epc-contractor\/management\/procurement\/quadri-elettrostrumentali-e-sistemi-di-automazione\/\">Quadri Elettrostrumentali e Sistemi di Automazione<\/a><\/h4>\t\t\t\t<\/div>\n\t\t\t\t<\/div>\n\t\t<div class=\"elementor-element elementor-element-28c1cf5 e-con-full e-flex elementor-invisible e-con e-child\" data-id=\"28c1cf5\" data-element_type=\"container\" data-e-type=\"container\" data-settings=\"{&quot;background_background&quot;:&quot;classic&quot;,&quot;sticky&quot;:&quot;top&quot;,&quot;sticky_on&quot;:[&quot;mobile&quot;],&quot;sticky_offset_mobile&quot;:190,&quot;sticky_parent&quot;:&quot;yes&quot;,&quot;animation&quot;:&quot;fadeIn&quot;,&quot;animation_delay&quot;:200,&quot;sticky_offset&quot;:0,&quot;sticky_effects_offset&quot;:0,&quot;sticky_anchor_link_offset&quot;:0}\">\n\t\t\t\t<div class=\"elementor-element elementor-element-3a1d08e elementor-widget elementor-widget-heading\" data-id=\"3a1d08e\" data-element_type=\"widget\" data-e-type=\"widget\" data-widget_type=\"heading.default\">\n\t\t\t\t\t<h4 class=\"elementor-heading-title elementor-size-default\"><a href=\"https:\/\/cobmarine.it\/en\/epc-contractor\/management\/procurement\/bulk-piping\/\">Bulk piping<\/a><\/h4>\t\t\t\t<\/div>\n\t\t\t\t<\/div>\n\t\t<div class=\"elementor-element elementor-element-ade4fd1 e-con-full e-flex elementor-invisible e-con e-child\" data-id=\"ade4fd1\" data-element_type=\"container\" data-e-type=\"container\" data-settings=\"{&quot;background_background&quot;:&quot;classic&quot;,&quot;sticky&quot;:&quot;top&quot;,&quot;sticky_on&quot;:[&quot;mobile&quot;],&quot;sticky_offset_mobile&quot;:210,&quot;sticky_parent&quot;:&quot;yes&quot;,&quot;animation&quot;:&quot;fadeIn&quot;,&quot;animation_delay&quot;:100,&quot;sticky_offset&quot;:0,&quot;sticky_effects_offset&quot;:0,&quot;sticky_anchor_link_offset&quot;:0}\">\n\t\t\t\t<div class=\"elementor-element elementor-element-69bdce9 elementor-widget elementor-widget-heading\" data-id=\"69bdce9\" data-element_type=\"widget\" data-e-type=\"widget\" data-widget_type=\"heading.default\">\n\t\t\t\t\t<h4 class=\"elementor-heading-title elementor-size-default\"><a href=\"https:\/\/cobmarine.it\/en\/epc-contractor\/management\/procurement\/bulk-elettrostrumentale\/\">Bulk elettrostrumentale<\/a><\/h4>\t\t\t\t<\/div>\n\t\t\t\t<\/div>\n\t\t\t\t<\/div>\n\t\t\t\t\t<\/div>\n\t\t\t\t<\/div>\n\t\t<div class=\"elementor-element elementor-element-e7d01ef e-flex e-con-boxed e-con e-parent\" data-id=\"e7d01ef\" data-element_type=\"container\" data-e-type=\"container\" data-settings=\"{&quot;background_background&quot;:&quot;classic&quot;}\">\n\t\t\t\t\t<div class=\"e-con-inner\">\n\t\t\t\t<div class=\"elementor-element elementor-element-0427ef1 elementor-invisible elementor-widget elementor-widget-heading\" data-id=\"0427ef1\" data-element_type=\"widget\" data-e-type=\"widget\" data-settings=\"{&quot;_animation&quot;:&quot;fadeInUp&quot;}\" data-widget_type=\"heading.default\">\n\t\t\t\t\t<h2 class=\"elementor-heading-title elementor-size-default\">Hai un progetto? Parliamone.\n\n<\/h2>\t\t\t\t<\/div>\n\t\t\t\t<div class=\"elementor-element elementor-element-9eb094f elementor-invisible elementor-widget elementor-widget-text-editor\" data-id=\"9eb094f\" data-element_type=\"widget\" data-e-type=\"widget\" data-settings=\"{&quot;_animation&quot;:&quot;fadeIn&quot;}\" data-widget_type=\"text-editor.default\">\n\t\t\t\t\t\t\t\t\tSiamo pronti ad ascoltare le tue esigenze e a trasformarle in soluzioni concrete. Contattaci per ricevere supporto, maggiori informazioni o per iniziare a costruire insieme il tuo prossimo impianto.\n\n\t\t\t\t\t\t\t\t<\/div>\n\t\t\t\t<div class=\"elementor-element elementor-element-e1a150f elementor-align-center elementor-invisible elementor-widget elementor-widget-button\" data-id=\"e1a150f\" data-element_type=\"widget\" data-e-type=\"widget\" data-settings=\"{&quot;_animation&quot;:&quot;fadeIn&quot;}\" data-widget_type=\"button.default\">\n\t\t\t\t\t\t\t\t\t\t<a class=\"elementor-button elementor-button-link elementor-size-sm\" href=\"https:\/\/cobmarine.it\/en\/contatti\/\">\n\t\t\t\t\t\t<span class=\"elementor-button-content-wrapper\">\n\t\t\t\t\t\t<span class=\"elementor-button-icon\">\n\t\t\t\t<svg xmlns=\"http:\/\/www.w3.org\/2000\/svg\" width=\"52\" height=\"52\" viewBox=\"0 0 52 52\" fill=\"none\"><circle cx=\"26\" cy=\"26\" r=\"26\" fill=\"white\"><\/circle><path d=\"M36 26L16 26ZM36 26L29.8462 33ZM36 26L29.8462 19Z\" fill=\"#003F7D\"><\/path><path d=\"M36 26L16 26M36 26L29.8462 33M36 26L29.8462 19\" stroke=\"#003F7D\" stroke-width=\"1.60535\" stroke-linecap=\"round\" stroke-linejoin=\"round\"><\/path><\/svg>\t\t\t<\/span>\n\t\t\t\t\t\t\t\t\t<span class=\"elementor-button-text\">Entriamo in contatto<\/span>\n\t\t\t\t\t<\/span>\n\t\t\t\t\t<\/a>\n\t\t\t\t\t\t\t\t<\/div>\n\t\t\t\t\t<\/div>\n\t\t\t\t<\/div>\n\t\t\t\t<\/div>\n\t\t","protected":false},"excerpt":{"rendered":"<p>Procurement COB Marine si distingue per la capacit\u00e0 di offrire soluzioni complete e personalizzate nell\u2019ambito dei progetti EPC che realizza, [&hellip;]<\/p>\n","protected":false},"author":1,"featured_media":0,"parent":529,"menu_order":0,"comment_status":"closed","ping_status":"closed","template":"","meta":{"site-sidebar-layout":"no-sidebar","site-content-layout":"","ast-site-content-layout":"full-width-container","site-content-style":"default","site-sidebar-style":"default","ast-global-header-display":"","ast-banner-title-visibility":"","ast-main-header-display":"","ast-hfb-above-header-display":"","ast-hfb-below-header-display":"","ast-hfb-mobile-header-display":"","site-post-title":"disabled","ast-breadcrumbs-content":"","ast-featured-img":"disabled","footer-sml-layout":"","ast-disable-related-posts":"","theme-transparent-header-meta":"","adv-header-id-meta":"","stick-header-meta":"","header-above-stick-meta":"","header-main-stick-meta":"","header-below-stick-meta":"","astra-migrate-meta-layouts":"default","ast-page-background-enabled":"default","ast-page-background-meta":{"desktop":{"background-color":"var(--ast-global-color-5)","background-image":"","background-repeat":"repeat","background-position":"center center","background-size":"auto","background-attachment":"scroll","background-type":"","background-media":"","overlay-type":"","overlay-color":"","overlay-opacity":"","overlay-gradient":""},"tablet":{"background-color":"","background-image":"","background-repeat":"repeat","background-position":"center center","background-size":"auto","background-attachment":"scroll","background-type":"","background-media":"","overlay-type":"","overlay-color":"","overlay-opacity":"","overlay-gradient":""},"mobile":{"background-color":"","background-image":"","background-repeat":"repeat","background-position":"center center","background-size":"auto","background-attachment":"scroll","background-type":"","background-media":"","overlay-type":"","overlay-color":"","overlay-opacity":"","overlay-gradient":""}},"ast-content-background-meta":{"desktop":{"background-color":"var(--ast-global-color-4)","background-image":"","background-repeat":"repeat","background-position":"center center","background-size":"auto","background-attachment":"scroll","background-type":"","background-media":"","overlay-type":"","overlay-color":"","overlay-opacity":"","overlay-gradient":""},"tablet":{"background-color":"var(--ast-global-color-4)","background-image":"","background-repeat":"repeat","background-position":"center center","background-size":"auto","background-attachment":"scroll","background-type":"","background-media":"","overlay-type":"","overlay-color":"","overlay-opacity":"","overlay-gradient":""},"mobile":{"background-color":"var(--ast-global-color-4)","background-image":"","background-repeat":"repeat","background-position":"center center","background-size":"auto","background-attachment":"scroll","background-type":"","background-media":"","overlay-type":"","overlay-color":"","overlay-opacity":"","overlay-gradient":""}},"footnotes":""},"class_list":["post-559","page","type-page","status-publish","hentry"],"yoast_head":"<!-- This site is optimized with the Yoast SEO plugin v27.4 - https:\/\/yoast.com\/product\/yoast-seo-wordpress\/ -->\n<title>Procurement - COB Marine<\/title>\n<meta name=\"robots\" content=\"index, follow, max-snippet:-1, max-image-preview:large, max-video-preview:-1\" \/>\n<link rel=\"canonical\" href=\"https:\/\/cobmarine.it\/en\/epc-contractor\/management\/procurement\/\" \/>\n<meta property=\"og:locale\" content=\"en_US\" \/>\n<meta property=\"og:type\" content=\"article\" \/>\n<meta property=\"og:title\" content=\"Procurement - COB Marine\" \/>\n<meta property=\"og:description\" content=\"Procurement COB Marine si distingue per la capacit\u00e0 di offrire soluzioni complete e personalizzate nell\u2019ambito dei progetti EPC che realizza, [&hellip;]\" \/>\n<meta property=\"og:url\" content=\"https:\/\/cobmarine.it\/en\/epc-contractor\/management\/procurement\/\" \/>\n<meta property=\"og:site_name\" content=\"COB Marine\" \/>\n<meta property=\"article:modified_time\" content=\"2025-06-19T09:04:09+00:00\" \/>\n<meta property=\"og:image\" content=\"https:\/\/cobmarine.it\/wp-content\/uploads\/2025\/05\/Rectangle-28-min.jpg\" \/>\n<meta name=\"twitter:card\" content=\"summary_large_image\" \/>\n<meta name=\"twitter:label1\" content=\"Est. reading time\" \/>\n\t<meta name=\"twitter:data1\" content=\"1 minute\" \/>\n<script type=\"application\/ld+json\" class=\"yoast-schema-graph\">{\"@context\":\"https:\\\/\\\/schema.org\",\"@graph\":[{\"@type\":\"WebPage\",\"@id\":\"https:\\\/\\\/cobmarine.it\\\/epc-contractor\\\/management\\\/procurement\\\/\",\"url\":\"https:\\\/\\\/cobmarine.it\\\/epc-contractor\\\/management\\\/procurement\\\/\",\"name\":\"Procurement - COB Marine\",\"isPartOf\":{\"@id\":\"https:\\\/\\\/cobmarine.it\\\/#website\"},\"primaryImageOfPage\":{\"@id\":\"https:\\\/\\\/cobmarine.it\\\/epc-contractor\\\/management\\\/procurement\\\/#primaryimage\"},\"image\":{\"@id\":\"https:\\\/\\\/cobmarine.it\\\/epc-contractor\\\/management\\\/procurement\\\/#primaryimage\"},\"thumbnailUrl\":\"https:\\\/\\\/cobmarine.it\\\/wp-content\\\/uploads\\\/2025\\\/05\\\/Rectangle-28-min.jpg\",\"datePublished\":\"2025-02-20T12:38:36+00:00\",\"dateModified\":\"2025-06-19T09:04:09+00:00\",\"breadcrumb\":{\"@id\":\"https:\\\/\\\/cobmarine.it\\\/epc-contractor\\\/management\\\/procurement\\\/#breadcrumb\"},\"inLanguage\":\"en-US\",\"potentialAction\":[{\"@type\":\"ReadAction\",\"target\":[\"https:\\\/\\\/cobmarine.it\\\/epc-contractor\\\/management\\\/procurement\\\/\"]}]},{\"@type\":\"ImageObject\",\"inLanguage\":\"en-US\",\"@id\":\"https:\\\/\\\/cobmarine.it\\\/epc-contractor\\\/management\\\/procurement\\\/#primaryimage\",\"url\":\"https:\\\/\\\/cobmarine.it\\\/wp-content\\\/uploads\\\/2025\\\/05\\\/Rectangle-28-min.jpg\",\"contentUrl\":\"https:\\\/\\\/cobmarine.it\\\/wp-content\\\/uploads\\\/2025\\\/05\\\/Rectangle-28-min.jpg\"},{\"@type\":\"BreadcrumbList\",\"@id\":\"https:\\\/\\\/cobmarine.it\\\/epc-contractor\\\/management\\\/procurement\\\/#breadcrumb\",\"itemListElement\":[{\"@type\":\"ListItem\",\"position\":1,\"name\":\"Home\",\"item\":\"https:\\\/\\\/cobmarine.it\\\/\"},{\"@type\":\"ListItem\",\"position\":2,\"name\":\"EPC Contractor\",\"item\":\"https:\\\/\\\/cobmarine.it\\\/epc-contractor\\\/\"},{\"@type\":\"ListItem\",\"position\":3,\"name\":\"Management\",\"item\":\"https:\\\/\\\/cobmarine.it\\\/epc-contractor\\\/management\\\/\"},{\"@type\":\"ListItem\",\"position\":4,\"name\":\"Procurement\"}]},{\"@type\":\"WebSite\",\"@id\":\"https:\\\/\\\/cobmarine.it\\\/#website\",\"url\":\"https:\\\/\\\/cobmarine.it\\\/\",\"name\":\"COB Marine\",\"description\":\"\",\"publisher\":{\"@id\":\"https:\\\/\\\/cobmarine.it\\\/#organization\"},\"potentialAction\":[{\"@type\":\"SearchAction\",\"target\":{\"@type\":\"EntryPoint\",\"urlTemplate\":\"https:\\\/\\\/cobmarine.it\\\/?s={search_term_string}\"},\"query-input\":{\"@type\":\"PropertyValueSpecification\",\"valueRequired\":true,\"valueName\":\"search_term_string\"}}],\"inLanguage\":\"en-US\"},{\"@type\":\"Organization\",\"@id\":\"https:\\\/\\\/cobmarine.it\\\/#organization\",\"name\":\"COB Marine\",\"url\":\"https:\\\/\\\/cobmarine.it\\\/\",\"logo\":{\"@type\":\"ImageObject\",\"inLanguage\":\"en-US\",\"@id\":\"https:\\\/\\\/cobmarine.it\\\/#\\\/schema\\\/logo\\\/image\\\/\",\"url\":\"https:\\\/\\\/cobmarine.it\\\/wp-content\\\/uploads\\\/2025\\\/02\\\/Group-42-2.png\",\"contentUrl\":\"https:\\\/\\\/cobmarine.it\\\/wp-content\\\/uploads\\\/2025\\\/02\\\/Group-42-2.png\",\"width\":930,\"height\":453,\"caption\":\"COB Marine\"},\"image\":{\"@id\":\"https:\\\/\\\/cobmarine.it\\\/#\\\/schema\\\/logo\\\/image\\\/\"}}]}<\/script>\n<!-- \/ Yoast SEO plugin. -->","yoast_head_json":{"title":"Procurement - COB Marine","robots":{"index":"index","follow":"follow","max-snippet":"max-snippet:-1","max-image-preview":"max-image-preview:large","max-video-preview":"max-video-preview:-1"},"canonical":"https:\/\/cobmarine.it\/en\/epc-contractor\/management\/procurement\/","og_locale":"en_US","og_type":"article","og_title":"Procurement - COB Marine","og_description":"Procurement COB Marine si distingue per la capacit\u00e0 di offrire soluzioni complete e personalizzate nell\u2019ambito dei progetti EPC che realizza, [&hellip;]","og_url":"https:\/\/cobmarine.it\/en\/epc-contractor\/management\/procurement\/","og_site_name":"COB Marine","article_modified_time":"2025-06-19T09:04:09+00:00","og_image":[{"url":"https:\/\/cobmarine.it\/wp-content\/uploads\/2025\/05\/Rectangle-28-min.jpg","type":"","width":"","height":""}],"twitter_card":"summary_large_image","twitter_misc":{"Est. reading time":"1 minute"},"schema":{"@context":"https:\/\/schema.org","@graph":[{"@type":"WebPage","@id":"https:\/\/cobmarine.it\/epc-contractor\/management\/procurement\/","url":"https:\/\/cobmarine.it\/epc-contractor\/management\/procurement\/","name":"Procurement - COB Marine","isPartOf":{"@id":"https:\/\/cobmarine.it\/#website"},"primaryImageOfPage":{"@id":"https:\/\/cobmarine.it\/epc-contractor\/management\/procurement\/#primaryimage"},"image":{"@id":"https:\/\/cobmarine.it\/epc-contractor\/management\/procurement\/#primaryimage"},"thumbnailUrl":"https:\/\/cobmarine.it\/wp-content\/uploads\/2025\/05\/Rectangle-28-min.jpg","datePublished":"2025-02-20T12:38:36+00:00","dateModified":"2025-06-19T09:04:09+00:00","breadcrumb":{"@id":"https:\/\/cobmarine.it\/epc-contractor\/management\/procurement\/#breadcrumb"},"inLanguage":"en-US","potentialAction":[{"@type":"ReadAction","target":["https:\/\/cobmarine.it\/epc-contractor\/management\/procurement\/"]}]},{"@type":"ImageObject","inLanguage":"en-US","@id":"https:\/\/cobmarine.it\/epc-contractor\/management\/procurement\/#primaryimage","url":"https:\/\/cobmarine.it\/wp-content\/uploads\/2025\/05\/Rectangle-28-min.jpg","contentUrl":"https:\/\/cobmarine.it\/wp-content\/uploads\/2025\/05\/Rectangle-28-min.jpg"},{"@type":"BreadcrumbList","@id":"https:\/\/cobmarine.it\/epc-contractor\/management\/procurement\/#breadcrumb","itemListElement":[{"@type":"ListItem","position":1,"name":"Home","item":"https:\/\/cobmarine.it\/"},{"@type":"ListItem","position":2,"name":"EPC Contractor","item":"https:\/\/cobmarine.it\/epc-contractor\/"},{"@type":"ListItem","position":3,"name":"Management","item":"https:\/\/cobmarine.it\/epc-contractor\/management\/"},{"@type":"ListItem","position":4,"name":"Procurement"}]},{"@type":"WebSite","@id":"https:\/\/cobmarine.it\/#website","url":"https:\/\/cobmarine.it\/","name":"COB Marine","description":"","publisher":{"@id":"https:\/\/cobmarine.it\/#organization"},"potentialAction":[{"@type":"SearchAction","target":{"@type":"EntryPoint","urlTemplate":"https:\/\/cobmarine.it\/?s={search_term_string}"},"query-input":{"@type":"PropertyValueSpecification","valueRequired":true,"valueName":"search_term_string"}}],"inLanguage":"en-US"},{"@type":"Organization","@id":"https:\/\/cobmarine.it\/#organization","name":"COB Marine","url":"https:\/\/cobmarine.it\/","logo":{"@type":"ImageObject","inLanguage":"en-US","@id":"https:\/\/cobmarine.it\/#\/schema\/logo\/image\/","url":"https:\/\/cobmarine.it\/wp-content\/uploads\/2025\/02\/Group-42-2.png","contentUrl":"https:\/\/cobmarine.it\/wp-content\/uploads\/2025\/02\/Group-42-2.png","width":930,"height":453,"caption":"COB Marine"},"image":{"@id":"https:\/\/cobmarine.it\/#\/schema\/logo\/image\/"}}]}},"_links":{"self":[{"href":"https:\/\/cobmarine.it\/en\/wp-json\/wp\/v2\/pages\/559","targetHints":{"allow":["GET"]}}],"collection":[{"href":"https:\/\/cobmarine.it\/en\/wp-json\/wp\/v2\/pages"}],"about":[{"href":"https:\/\/cobmarine.it\/en\/wp-json\/wp\/v2\/types\/page"}],"author":[{"embeddable":true,"href":"https:\/\/cobmarine.it\/en\/wp-json\/wp\/v2\/users\/1"}],"replies":[{"embeddable":true,"href":"https:\/\/cobmarine.it\/en\/wp-json\/wp\/v2\/comments?post=559"}],"version-history":[{"count":18,"href":"https:\/\/cobmarine.it\/en\/wp-json\/wp\/v2\/pages\/559\/revisions"}],"predecessor-version":[{"id":2054,"href":"https:\/\/cobmarine.it\/en\/wp-json\/wp\/v2\/pages\/559\/revisions\/2054"}],"up":[{"embeddable":true,"href":"https:\/\/cobmarine.it\/en\/wp-json\/wp\/v2\/pages\/529"}],"wp:attachment":[{"href":"https:\/\/cobmarine.it\/en\/wp-json\/wp\/v2\/media?parent=559"}],"curies":[{"name":"wp","href":"https:\/\/api.w.org\/{rel}","templated":true}]}}